{"id":58,"date":"2025-01-13T15:53:01","date_gmt":"2025-01-13T15:53:01","guid":{"rendered":"https:\/\/www.forofiad.org\/catalogo\/quienes-somos-copy\/"},"modified":"2025-01-13T15:55:08","modified_gmt":"2025-01-13T15:55:08","slug":"politica-de-privacidad-y-cookies-de-fiad","status":"publish","type":"page","link":"https:\/\/www.forofiad.org\/catalogo\/politica-de-privacidad-y-cookies-de-fiad\/","title":{"rendered":"Pol\u00edtica de Privacidad y Cookies de FIAD"},"content":{"rendered":"<p><strong>Pol\u00edtica de Privacidad y Cookies de FIAD (Foro de Innovaci\u00f3n para el Aprendizaje y el Desarrollo)<\/strong><\/p>\n<p><strong>Fecha de \u00faltima actualizaci\u00f3n:<\/strong>10 de enero 2025<\/p>\n<ol>\n<li><strong> Identificaci\u00f3n del Responsable del Tratamiento:<\/strong><\/li>\n<\/ol>\n<ul>\n<li><strong>Identidad:<\/strong> TRAINING AND LEARNING LLC.<\/li>\n<li><strong>Nombre comercial:<\/strong> FIAD. Foro de Innovaci\u00f3n para el Aprendizaje y el Desarrollo.<\/li>\n<li><strong>EIN:<\/strong> 87-4676864<\/li>\n<li><strong>Direcci\u00f3n:<\/strong> 530 B HARKLE Road Ste 100. Santa Fe. New Mexico. C\u00f3digo postal: 87505. Estados Unidos de Am\u00e9rica<\/li>\n<li><strong>Correo electr\u00f3nico:<\/strong> fiadinfo@foroaprendizaje.org<\/li>\n<\/ul>\n<ol start=\"2\">\n<li><strong> Introducci\u00f3n y Aceptaci\u00f3n:<\/strong><\/li>\n<\/ol>\n<p>FIAD (Foro de Innovaci\u00f3n para el Aprendizaje y el Desarrollo) proporciona una plataforma en l\u00ednea queincluye un foro para la formaci\u00f3n, el aprendizaje y el desarrollo corporativo; y un directorio de instituciones educativas y de desarrollo corporativo (en adelante, \u00abInstituciones\u00bb). Al acceder o utilizar la Plataforma (foroaprendizaje.org), usted (en adelante, \u00abUsuario\u00bb) acepta cumplir con esta Pol\u00edtica de Privacidad y Cookies.<\/p>\n<p>FIAD se reserva el derecho de modificar esta Pol\u00edtica en cualquier momento. Es responsabilidad del Usuario revisar peri\u00f3dicamente esta Pol\u00edtica para estar al tanto de cualquier cambio. El uso continuado de la Plataforma despu\u00e9s de la publicaci\u00f3n de modificaciones constituye la aceptaci\u00f3n de dichos cambios.<\/p>\n<p><strong>Datos Personales que Recopilamos:<\/strong><\/p>\n<p>Recopilamos datos personales de las siguientes categor\u00edas:<\/p>\n<ul>\n<li><strong>Datos de Identificaci\u00f3n y Contacto:<\/strong> Recopilamos informaci\u00f3n b\u00e1sica de contacto como nombres, direcciones de correo electr\u00f3nico y otra informaci\u00f3n necesaria para la creaci\u00f3n de cuentas de usuario y la comunicaci\u00f3n.<\/li>\n<li><strong>Datos de Navegaci\u00f3n:<\/strong> Recopilamos informaci\u00f3n sobre c\u00f3mo los usuarios interact\u00faan con nuestra Plataforma, como direcciones IP, tipo de navegador, p\u00e1ginas visitadas y otros datos de registro.<\/li>\n<li><strong>Contenido Generado por el Usuario:<\/strong> Recopilamos el contenido que los usuarios publican en la Plataforma, como comentarios y publicaciones en el foro.<\/li>\n<li><strong>Datos Recopilados a trav\u00e9s de Cookies y Tecnolog\u00edas Similares:<\/strong> Utilizamos cookies y tecnolog\u00edas similares para mejorar la funcionalidad de la Plataforma y la experiencia del usuario.<\/li>\n<\/ul>\n<ul>\n<li><strong>Rol en Relaci\u00f3n con Sitios Externos<\/strong><\/li>\n<\/ul>\n<p>Nuestra plataforma act\u00faa \u00fanicamente como intermediaria al facilitar enlaces hacia sitios web externos relacionados con servicios de capacitaci\u00f3n y aprendizaje. No tenemos control ni somos responsables de las pr\u00e1cticas de tratamiento de datos personales llevadas a cabo por dichos sitios externos.<\/p>\n<p>Al hacer clic en un enlace y ser redirigido a un sitio web de terceros, el usuario reconoce que estar\u00e1 sujeto a las pol\u00edticas de privacidad y t\u00e9rminos de uso de dicho sitio externo. Recomendamos que los usuarios revisen las pol\u00edticas de privacidad y los t\u00e9rminos y condiciones de las p\u00e1ginas enlazadas antes de interactuar con ellas o proporcionar datos personales<\/p>\n<ol start=\"3\">\n<li><strong> Finalidades del Tratamiento:<\/strong><\/li>\n<\/ol>\n<p>Utilizamos los datos personales recopilados para las siguientes finalidades generales:<\/p>\n<ul>\n<li>Gestionar y administrar la Plataforma y las cuentas de usuario.<\/li>\n<li>Facilitar la comunicaci\u00f3n entre los usuarios.<\/li>\n<li>Mejorar la experiencia del usuario y personalizar el contenido.<\/li>\n<li>Analizar el uso de la Plataforma y realizar estudios estad\u00edsticos.<\/li>\n<li>Garantizar la seguridad de la Plataforma y prevenir el fraude.<\/li>\n<li>Cumplir con obligaciones legales.<\/li>\n<\/ul>\n<ol start=\"4\">\n<li><strong> Bases Legales del Tratamiento (GDPR):<\/strong><\/li>\n<\/ol>\n<p>El tratamiento de datos se basa en las siguientes bases legales, seg\u00fan corresponda a la finalidad espec\u00edfica del tratamiento:<\/p>\n<ul>\n<li><strong>Consentimiento (Art. 6.1.a GDPR):<\/strong> Para el registro de Usuario y la publicaci\u00f3n de informaci\u00f3n en el perfil (datos no estrictamente necesarios para el funcionamiento de la plataforma). Tambi\u00e9n para las cookies no esenciales (ver secci\u00f3n 6).<\/li>\n<li><strong>Ejecuci\u00f3n de un contrato (Art. 6.1.b GDPR):<\/strong> Para la prestaci\u00f3n de los servicios de la Plataforma.<\/li>\n<li><strong>Inter\u00e9s leg\u00edtimo (Art. 6.1.f GDPR):<\/strong> Para el env\u00edo de comunicaciones relacionadas con la Plataforma que sean necesarias para su funcionamiento, para la mejora de la Plataforma y para la prevenci\u00f3n del fraude y el abuso.<\/li>\n<li><strong>Cumplimiento de una obligaci\u00f3n legal (Art. 6.1.c GDPR):<\/strong> Cuando sea necesario para cumplir con la ley de un pa\u00eds o una sentencia judicial o arbitral.<\/li>\n<\/ul>\n<ol start=\"5\">\n<li><strong> Transferencias Internacionales de Datos:<\/strong><\/li>\n<\/ol>\n<p>FIAD no realiza directamente transferencias internacionales de datos. Los servicios de terceros que utilizamos pueden realizar transferencias internacionales, y te recomendamos consultar sus pol\u00edticas de privacidad para obtener m\u00e1s informaci\u00f3n. De nuestro lado, nos aseguraremos de que existan garant\u00edas adecuadas, como las Cl\u00e1usulas Contractuales Tipo aprobadas por la Comisi\u00f3n Europea, para proteger los datos personales.<\/p>\n<p>Para sitios externos, no controlamos las transferencias internacionales que puedan realizarse en las p\u00e1ginas de terceros.<\/p>\n<p>&nbsp;<\/p>\n<ol start=\"6\">\n<li><strong> Cookies y Tecnolog\u00edas de Seguimiento:<\/strong><\/li>\n<\/ol>\n<p>Usamos cookies y tecnolog\u00edas de seguimiento para analizar y mejorar nuestro servicio y mejorar la experiencia del usuario. No utilizamos cookies de terceros para rastrear actividades fuera de la Plataforma.<\/p>\n<p>Los usuarios pueden gestionar sus preferencias de cookies y tecnolog\u00edas de seguimiento ajustando sus preferencias y aceptar solo las cookies esenciales, o bien personalizar su experiencia a trav\u00e9s del ajuste de cookies.<\/p>\n<p>Utilizamos cookies propias y de terceros para diversas finalidades, incluyendo:<\/p>\n<ul>\n<li><strong>Cookies Estrictamente Necesarias:<\/strong> Estas cookies son esenciales para el funcionamiento de la Plataforma.<\/li>\n<li><strong>Cookies de Rendimiento:<\/strong> Estas cookies nos ayudan a analizar el uso de la Plataforma y mejorar su rendimiento.<\/li>\n<li><strong>Cookies de Funcionalidad:<\/strong> Estas cookies permiten recordar las preferencias del usuario y personalizar la experiencia.<\/li>\n<li><strong>Cookies de Publicidad\/Marketing:<\/strong> Estas cookies se utilizan para mostrar publicidad personalizada.<\/li>\n<\/ul>\n<p><strong>Derechos de los Usuarios (GDPR y CCPA):<\/strong><\/p>\n<p>Los usuarios tienen los siguientes derechos:<\/p>\n<ul>\n<li><strong>Derecho de acceso:<\/strong> A obtener confirmaci\u00f3n de si se est\u00e1n tratando sus datos y a acceder a ellos.<\/li>\n<li><strong>Derecho de rectificaci\u00f3n:<\/strong> A rectificar datos inexactos o incompletos.<\/li>\n<li><strong>Derecho de supresi\u00f3n (\u00abderecho al olvido\u00bb):<\/strong> A solicitar la supresi\u00f3n de sus datos en determinadas circunstancias.<\/li>\n<li><strong>Derecho de limitaci\u00f3n del tratamiento:<\/strong> A solicitar la limitaci\u00f3n del tratamiento de sus datos.<\/li>\n<li><strong>Derecho a la portabilidad de los datos:<\/strong> A recibir sus datos en un formato estructurado, de uso com\u00fan y lectura mec\u00e1nica, y a transmitirlos a otro responsable.<\/li>\n<li><strong>Derecho de oposici\u00f3n:<\/strong> A oponerse al tratamiento de sus datos en determinadas circunstancias.<\/li>\n<li><strong>Derecho a no ser discriminado (CCPA):<\/strong> A no recibir un trato discriminatorio por ejercer sus derechos de privacidad bajo la CCPA.<\/li>\n<li><strong>Derecho a \u00abopt-out\u00bb de la \u00abventa\u00bb o \u00abcompartici\u00f3n\u00bb de informaci\u00f3n personal (CCPA<\/strong>): Los residentes de California tienen derecho a optar por no participar en la \u00abventa\u00bb o \u00abcompartici\u00f3n\u00bb de su informaci\u00f3n personal con terceros para publicidad comportamental entre contextos.<\/li>\n<\/ul>\n<p>Para ejercer este derecho, pueden escribir a\u00a0 fiadinfo@foroaprendizaje.org. Responderemos a todas las solicitudes dentro del plazo legal establecido (generalmente, 30 d\u00edas).<\/p>\n<ol start=\"8\">\n<li><strong> Seguridad de los Datos:<\/strong><\/li>\n<\/ol>\n<p>Aunque trabajamos para garantizar la seguridad, no podemos responsabilizarnos por vulnerabilidades en sitios web externos enlazados.<\/p>\n<ol start=\"9\">\n<li><strong> Menores de Edad<\/strong><\/li>\n<\/ol>\n<p>Nuestra Plataforma no est\u00e1 dirigida a menores de 16 a\u00f1os. No recopilamos intencionadamente datos personales de menores. Si descubrimos que hemos recopilado datos de un menor sin el consentimiento adecuado, tomaremos medidas para eliminarlos.<\/p>\n<ol start=\"10\">\n<li><strong> Actualizaciones a Esta Pol\u00edtica<\/strong><\/li>\n<\/ol>\n<p>Podemos actualizar esta Pol\u00edtica de Privacidad para reflejar cambios en nuestras pr\u00e1cticas o en las leyes aplicables. Las actualizaciones ser\u00e1n notificadas mediante avisos destacados en la Plataforma y se aplicar\u00e1n a partir de la fecha indicada en la versi\u00f3n revisada.<\/p>\n<ol start=\"11\">\n<li><strong> Contacto<\/strong><\/li>\n<\/ol>\n<p>Para consultas relacionadas con esta Pol\u00edtica de Privacidad o el tratamiento de sus datos personales, puede comunicarse con nosotros en:<\/p>\n<ul>\n<li><strong>Correo Electr\u00f3nico:<\/strong> info@forofiad.org<\/li>\n<li><strong>Direcci\u00f3n Postal:<\/strong>530 B HARKLE Road Ste 100. Santa Fe. New Mexico. C\u00f3digo postal: 87505. Estados Unidos de Am\u00e9rica<\/li>\n<\/ul>\n<p><strong>Fecha de \u00faltima actualizaci\u00f3n:<\/strong> 10 de Enero de 2025<\/p>\n<p>&nbsp;<\/p>\n","protected":false},"excerpt":{"rendered":"<p>Pol\u00edtica de Privacidad y Cookies de FIAD (Foro de Innovaci\u00f3n para el Aprendizaje y el Desarrollo) Fecha de \u00faltima actualizaci\u00f3n:10 de enero 2025 Identificaci\u00f3n del Responsable del Tratamiento: Identidad: TRAINING AND LEARNING LLC. Nombre comercial: FIAD. Foro de Innovaci\u00f3n para el Aprendizaje y el Desarrollo. EIN: 87-4676864 Direcci\u00f3n: 530 B HARKLE Road Ste 100. Santa [&hellip;]<\/p>\n","protected":false},"author":1,"featured_media":60,"parent":0,"menu_order":3,"comment_status":"closed","ping_status":"closed","template":"","meta":{"_acf_changed":false,"footnotes":""},"class_list":["post-58","page","type-page","status-publish","has-post-thumbnail","hentry"],"acf":[],"_links":{"self":[{"href":"https:\/\/www.forofiad.org\/catalogo\/wp-json\/wp\/v2\/pages\/58","targetHints":{"allow":["GET"]}}],"collection":[{"href":"https:\/\/www.forofiad.org\/catalogo\/wp-json\/wp\/v2\/pages"}],"about":[{"href":"https:\/\/www.forofiad.org\/catalogo\/wp-json\/wp\/v2\/types\/page"}],"author":[{"embeddable":true,"href":"https:\/\/www.forofiad.org\/catalogo\/wp-json\/wp\/v2\/users\/1"}],"replies":[{"embeddable":true,"href":"https:\/\/www.forofiad.org\/catalogo\/wp-json\/wp\/v2\/comments?post=58"}],"version-history":[{"count":2,"href":"https:\/\/www.forofiad.org\/catalogo\/wp-json\/wp\/v2\/pages\/58\/revisions"}],"predecessor-version":[{"id":61,"href":"https:\/\/www.forofiad.org\/catalogo\/wp-json\/wp\/v2\/pages\/58\/revisions\/61"}],"wp:featuredmedia":[{"embeddable":true,"href":"https:\/\/www.forofiad.org\/catalogo\/wp-json\/wp\/v2\/media\/60"}],"wp:attachment":[{"href":"https:\/\/www.forofiad.org\/catalogo\/wp-json\/wp\/v2\/media?parent=58"}],"curies":[{"name":"wp","href":"https:\/\/api.w.org\/{rel}","templated":true}]}}